{"id":440,"date":"2025-08-26T20:32:28","date_gmt":"2025-08-26T20:32:28","guid":{"rendered":"https:\/\/piolaestudio.cl\/?page_id=440"},"modified":"2026-01-06T15:45:17","modified_gmt":"2026-01-06T15:45:17","slug":"viejofran","status":"publish","type":"page","link":"https:\/\/piolaestudio.cl\/index.php\/viejofran\/","title":{"rendered":"Nuts Nutrition"},"content":{"rendered":"\t\t<div data-elementor-type=\"wp-page\" data-elementor-id=\"440\" class=\"elementor elementor-440\">\n\t\t\t\t<div class=\"elementor-element elementor-element-43dc8569 e-flex e-con-boxed e-con e-parent\" data-id=\"43dc8569\" data-element_type=\"container\" data-settings=\"{&quot;background_background&quot;:&quot;classic&quot;}\">\n\t\t\t\t\t<div class=\"e-con-inner\">\n\t\t<div class=\"elementor-element elementor-element-34912b82 e-flex e-con-boxed e-con e-child\" data-id=\"34912b82\" data-element_type=\"container\">\n\t\t\t\t\t<div class=\"e-con-inner\">\n\t\t\t\t<div class=\"elementor-element elementor-element-46136ca3 elementor-widget elementor-widget-heading\" data-id=\"46136ca3\" data-element_type=\"widget\" data-widget_type=\"heading.default\">\n\t\t\t\t\t<h2 class=\"elementor-heading-title elementor-size-default\">Nuts Nutrition<\/h2>\t\t\t\t<\/div>\n\t\t\t\t<div class=\"elementor-element elementor-element-4aa90b16 elementor-icon-list--layout-inline elementor-align-center elementor-list-item-link-full_width elementor-widget elementor-widget-icon-list\" data-id=\"4aa90b16\" data-element_type=\"widget\" data-widget_type=\"icon-list.default\">\n\t\t\t\t\t\t\t<ul class=\"elementor-icon-list-items elementor-inline-items\">\n\t\t\t\t\t\t\t<li class=\"elementor-icon-list-item elementor-inline-item\">\n\t\t\t\t\t\t\t\t\t\t\t<a href=\"#\">\n\n\t\t\t\t\t\t\t\t\t\t\t<span class=\"elementor-icon-list-text\">Home<\/span>\n\t\t\t\t\t\t\t\t\t\t\t<\/a>\n\t\t\t\t\t\t\t\t\t<\/li>\n\t\t\t\t\t\t\t\t<li class=\"elementor-icon-list-item elementor-inline-item\">\n\t\t\t\t\t\t\t\t\t\t\t<a href=\"#\">\n\n\t\t\t\t\t\t\t\t\t\t\t\t<span class=\"elementor-icon-list-icon\">\n\t\t\t\t\t\t\t<i aria-hidden=\"true\" class=\"jki jki-long-arrow-alt-right-solid\"><\/i>\t\t\t\t\t\t<\/span>\n\t\t\t\t\t\t\t\t\t\t<span class=\"elementor-icon-list-text\">Portafolio<\/span>\n\t\t\t\t\t\t\t\t\t\t\t<\/a>\n\t\t\t\t\t\t\t\t\t<\/li>\n\t\t\t\t\t\t\t\t<li class=\"elementor-icon-list-item elementor-inline-item\">\n\t\t\t\t\t\t\t\t\t\t\t<a href=\"#\">\n\n\t\t\t\t\t\t\t\t\t\t\t\t<span class=\"elementor-icon-list-icon\">\n\t\t\t\t\t\t\t<i aria-hidden=\"true\" class=\"jki jki-long-arrow-alt-right-solid\"><\/i>\t\t\t\t\t\t<\/span>\n\t\t\t\t\t\t\t\t\t\t<span class=\"elementor-icon-list-text\">Proyecto<\/span>\n\t\t\t\t\t\t\t\t\t\t\t<\/a>\n\t\t\t\t\t\t\t\t\t<\/li>\n\t\t\t\t\t\t<\/ul>\n\t\t\t\t\t\t<\/div>\n\t\t\t\t\t<\/div>\n\t\t\t\t<\/div>\n\t\t\t\t\t<\/div>\n\t\t\t\t<\/div>\n\t\t<div class=\"elementor-element elementor-element-2486faf8 e-flex e-con-boxed e-con e-parent\" data-id=\"2486faf8\" data-element_type=\"container\">\n\t\t\t\t\t<div class=\"e-con-inner\">\n\t\t<div class=\"elementor-element elementor-element-218a7024 e-flex e-con-boxed e-con e-child\" data-id=\"218a7024\" data-element_type=\"container\">\n\t\t\t\t\t<div class=\"e-con-inner\">\n\t\t\t\t<div class=\"elementor-element elementor-element-73b784f8 elementor-widget elementor-widget-heading\" data-id=\"73b784f8\" data-element_type=\"widget\" data-widget_type=\"heading.default\">\n\t\t\t\t\t<h2 class=\"elementor-heading-title elementor-size-default\">Nuts Nutrition<\/h2>\t\t\t\t<\/div>\n\t\t\t\t<div class=\"elementor-element elementor-element-31200c07 elementor-widget elementor-widget-text-editor\" data-id=\"31200c07\" data-element_type=\"widget\" data-widget_type=\"text-editor.default\">\n\t\t\t\t\t\t\t\t\t<p>Creamos la identidad de <em>Man\u00ed Pink<\/em>, una innovadora mantequilla de man\u00ed con chocolate, destacando su car\u00e1cter \u00fanico y su origen chileno. El dise\u00f1o de packaging se inspira en la energ\u00eda vibrante y contempor\u00e1nea del producto, utilizando una paleta crom\u00e1tica fresca donde el rosa se convierte en protagonista, transmitiendo modernidad, diferenciaci\u00f3n y cercan\u00eda con un p\u00fablico joven y consciente de la alimentaci\u00f3n saludable.<\/p><p>La etiqueta incorpora recursos gr\u00e1ficos claros y jer\u00e1rquicos para resaltar los atributos principales \u2014ingredientes naturales, innovaci\u00f3n y producto local\u2014 generando una comunicaci\u00f3n transparente y confiable. El contraste entre tipograf\u00edas s\u00f3lidas y detalles geom\u00e9tricos aporta dinamismo, reforzando la personalidad vibrante de la marca.<\/p><p>El resultado es un envase atractivo y memorable que posiciona a <em>Man\u00ed Pink<\/em> como un snack saludable, original y con identidad propia en el mercado.<\/p>\t\t\t\t\t\t\t\t<\/div>\n\t\t<div class=\"elementor-element elementor-element-2990c990 e-con-full e-flex e-con e-child\" data-id=\"2990c990\" data-element_type=\"container\">\n\t\t<div class=\"elementor-element elementor-element-24519436 e-con-full e-flex e-con e-child\" data-id=\"24519436\" data-element_type=\"container\">\n\t\t\t\t<div class=\"elementor-element elementor-element-e081d11 elementor-widget elementor-widget-jkit_heading\" data-id=\"e081d11\" data-element_type=\"widget\" data-widget_type=\"jkit_heading.default\">\n\t\t\t\t\t<div  class=\"jeg-elementor-kit jkit-heading  align- align-tablet- align-mobile- jeg_module___69fb37015776d\" ><div class=\"heading-section-title  display-inline-block\"><h2 class=\"heading-title\"><span class=\"style-color\"><span>Cliente :<\/span><\/span><\/h2><\/div><div class=\"heading-section-description\"><p>Nuts Nutrition<\/p><\/div><\/div>\t\t\t\t<\/div>\n\t\t\t\t<div class=\"elementor-element elementor-element-4704570b elementor-widget elementor-widget-jkit_heading\" data-id=\"4704570b\" data-element_type=\"widget\" data-widget_type=\"jkit_heading.default\">\n\t\t\t\t\t<div  class=\"jeg-elementor-kit jkit-heading  align- align-tablet- align-mobile- jeg_module__1_69fb370157bdb\" ><div class=\"heading-section-title  display-inline-block\"><h2 class=\"heading-title\"><span class=\"style-color\"><span>A\u00f1o :<\/span><\/span><\/h2><\/div><div class=\"heading-section-description\"><p>2021<\/p><\/div><\/div>\t\t\t\t<\/div>\n\t\t\t\t<\/div>\n\t\t<div class=\"elementor-element elementor-element-de554d4 e-con-full e-flex e-con e-child\" data-id=\"de554d4\" data-element_type=\"container\">\n\t\t\t\t<div class=\"elementor-element elementor-element-277fced5 elementor-widget elementor-widget-jkit_heading\" data-id=\"277fced5\" data-element_type=\"widget\" data-widget_type=\"jkit_heading.default\">\n\t\t\t\t\t<div  class=\"jeg-elementor-kit jkit-heading  align- align-tablet- align-mobile- jeg_module__2_69fb370157e78\" ><div class=\"heading-section-title  display-inline-block\"><h2 class=\"heading-title\"><span class=\"style-color\"><span>Categor\u00eda :<\/span><\/span><\/h2><\/div><div class=\"heading-section-description\"><p>Packaging<\/p><\/div><\/div>\t\t\t\t<\/div>\n\t\t\t\t<\/div>\n\t\t\t\t<\/div>\n\t\t\t\t\t<\/div>\n\t\t\t\t<\/div>\n\t\t<div class=\"elementor-element elementor-element-168a808e e-con-full e-flex e-con e-child\" data-id=\"168a808e\" data-element_type=\"container\">\n\t\t\t\t<div class=\"elementor-element elementor-element-160c874f elementor-widget elementor-widget-image\" data-id=\"160c874f\" data-element_type=\"widget\" data-widget_type=\"image.default\">\n\t\t\t\t\t\t\t\t\t\t\t\t\t\t\t<img fetchpriority=\"high\" decoding=\"async\" width=\"2560\" height=\"1920\" src=\"https:\/\/piolaestudio.cl\/wp-content\/uploads\/2025\/08\/mantequilla-de-mani_Mockup-scaled.png\" class=\"attachment-full size-full wp-image-476\" alt=\"\" srcset=\"https:\/\/piolaestudio.cl\/wp-content\/uploads\/2025\/08\/mantequilla-de-mani_Mockup-scaled.png 2560w, https:\/\/piolaestudio.cl\/wp-content\/uploads\/2025\/08\/mantequilla-de-mani_Mockup-300x225.png 300w, https:\/\/piolaestudio.cl\/wp-content\/uploads\/2025\/08\/mantequilla-de-mani_Mockup-1024x768.png 1024w, https:\/\/piolaestudio.cl\/wp-content\/uploads\/2025\/08\/mantequilla-de-mani_Mockup-768x576.png 768w, https:\/\/piolaestudio.cl\/wp-content\/uploads\/2025\/08\/mantequilla-de-mani_Mockup-1536x1152.png 1536w, https:\/\/piolaestudio.cl\/wp-content\/uploads\/2025\/08\/mantequilla-de-mani_Mockup-2048x1536.png 2048w\" sizes=\"(max-width: 2560px) 100vw, 2560px\" \/>\t\t\t\t\t\t\t\t\t\t\t\t\t\t\t<\/div>\n\t\t\t\t<\/div>\n\t\t<div class=\"elementor-element elementor-element-faa993d e-flex e-con-boxed e-con e-child\" data-id=\"faa993d\" data-element_type=\"container\">\n\t\t\t\t\t<div class=\"e-con-inner\">\n\t\t<div class=\"elementor-element elementor-element-4b570273 e-con-full e-flex e-con e-child\" data-id=\"4b570273\" data-element_type=\"container\">\n\t\t\t\t<div class=\"elementor-element elementor-element-623c3b50 elementor-widget elementor-widget-jkit_gallery\" data-id=\"623c3b50\" data-element_type=\"widget\" data-widget_type=\"jkit_gallery.default\">\n\t\t\t\t\t<div  class=\"jeg-elementor-kit jkit-gallery layout-overlay jeg_module__3_69fb37015a473\"  data-grid=\"grid\" data-id=\"jeg_module__3_69fb37015a473\" data-per-page=\"3\" data-load-more=\"0\" data-current-loaded=\"2\" data-count-items=\"2\" data-animation-duration=\"500\" data-no-more=\"No More Item\" data-items=\"[&quot;&lt;div class=\\&quot;gallery-item-wrap \\&quot;&gt; &lt;div class=\\&quot;grid-item\\&quot;&gt;&lt;div class=\\&quot;thumbnail-wrap\\&quot;&gt;&lt;img width=\\&quot;1384\\&quot; height=\\&quot;576\\&quot; src=\\&quot;https:\\\/\\\/piolaestudio.cl\\\/wp-content\\\/uploads\\\/2026\\\/01\\\/peanut.png\\&quot; class=\\&quot;attachment-full size-full\\&quot; alt=\\&quot;\\&quot; url=\\&quot;https:\\\/\\\/piolaestudio.cl\\\/wp-content\\\/uploads\\\/2026\\\/01\\\/peanut.png\\&quot; source=\\&quot;library\\&quot; srcset=\\&quot;https:\\\/\\\/piolaestudio.cl\\\/wp-content\\\/uploads\\\/2026\\\/01\\\/peanut.png 1384w, https:\\\/\\\/piolaestudio.cl\\\/wp-content\\\/uploads\\\/2026\\\/01\\\/peanut-300x125.png 300w, https:\\\/\\\/piolaestudio.cl\\\/wp-content\\\/uploads\\\/2026\\\/01\\\/peanut-1024x426.png 1024w, https:\\\/\\\/piolaestudio.cl\\\/wp-content\\\/uploads\\\/2026\\\/01\\\/peanut-768x320.png 768w\\&quot; sizes=\\&quot;(max-width: 1384px) 100vw, 1384px\\&quot; \\\/&gt;&lt;\\\/div&gt;&lt;div class=\\&quot;caption-wrap style-overlay overlay-overlay\\&quot;&gt; &lt;div class=\\&quot;item-hover-bg\\&quot;&gt;&lt;\\\/div&gt; &lt;div class=\\&quot;item-caption-over\\&quot;&gt; &lt;h5 class=\\&quot;item-title\\&quot;&gt;&lt;\\\/h5&gt; &lt;div class=\\&quot;item-content\\&quot;&gt;&lt;\\\/div&gt;&lt;div class=\\&quot;item-buttons\\&quot;&gt;&lt;\\\/div&gt; &lt;\\\/div&gt; &lt;div class=\\&quot;caption-head\\&quot;&gt;&lt;\\\/div&gt; &lt;div class=\\&quot;caption-category\\&quot;&gt;&lt;\\\/div&gt; &lt;\\\/div&gt;&lt;\\\/div&gt; &lt;\\\/div&gt;&quot;,&quot;&lt;div class=\\&quot;gallery-item-wrap \\&quot;&gt; &lt;div class=\\&quot;grid-item\\&quot;&gt;&lt;div class=\\&quot;thumbnail-wrap\\&quot;&gt;&lt;img width=\\&quot;2560\\&quot; height=\\&quot;1920\\&quot; src=\\&quot;https:\\\/\\\/piolaestudio.cl\\\/wp-content\\\/uploads\\\/2026\\\/01\\\/Peanut-Butter-Jar-Mockup-scaled.png\\&quot; class=\\&quot;attachment-full size-full\\&quot; alt=\\&quot;\\&quot; url=\\&quot;https:\\\/\\\/piolaestudio.cl\\\/wp-content\\\/uploads\\\/2026\\\/01\\\/Peanut-Butter-Jar-Mockup-scaled.png\\&quot; source=\\&quot;library\\&quot; srcset=\\&quot;https:\\\/\\\/piolaestudio.cl\\\/wp-content\\\/uploads\\\/2026\\\/01\\\/Peanut-Butter-Jar-Mockup-scaled.png 2560w, https:\\\/\\\/piolaestudio.cl\\\/wp-content\\\/uploads\\\/2026\\\/01\\\/Peanut-Butter-Jar-Mockup-300x225.png 300w, https:\\\/\\\/piolaestudio.cl\\\/wp-content\\\/uploads\\\/2026\\\/01\\\/Peanut-Butter-Jar-Mockup-1024x768.png 1024w, https:\\\/\\\/piolaestudio.cl\\\/wp-content\\\/uploads\\\/2026\\\/01\\\/Peanut-Butter-Jar-Mockup-768x576.png 768w, https:\\\/\\\/piolaestudio.cl\\\/wp-content\\\/uploads\\\/2026\\\/01\\\/Peanut-Butter-Jar-Mockup-1536x1152.png 1536w, https:\\\/\\\/piolaestudio.cl\\\/wp-content\\\/uploads\\\/2026\\\/01\\\/Peanut-Butter-Jar-Mockup-2048x1536.png 2048w\\&quot; sizes=\\&quot;(max-width: 2560px) 100vw, 2560px\\&quot; \\\/&gt;&lt;\\\/div&gt;&lt;div class=\\&quot;caption-wrap style-overlay overlay-overlay\\&quot;&gt; &lt;div class=\\&quot;item-hover-bg\\&quot;&gt;&lt;\\\/div&gt; &lt;div class=\\&quot;item-caption-over\\&quot;&gt; &lt;h5 class=\\&quot;item-title\\&quot;&gt;&lt;\\\/h5&gt; &lt;div class=\\&quot;item-content\\&quot;&gt;&lt;\\\/div&gt;&lt;div class=\\&quot;item-buttons\\&quot;&gt;&lt;\\\/div&gt; &lt;\\\/div&gt; &lt;div class=\\&quot;caption-head\\&quot;&gt;&lt;\\\/div&gt; &lt;div class=\\&quot;caption-category\\&quot;&gt;&lt;\\\/div&gt; &lt;\\\/div&gt;&lt;\\\/div&gt; &lt;\\\/div&gt;&quot;]\">\n            <div class=\"gallery-items\"><div class=\"gallery-item-wrap \"> <div class=\"grid-item\"><div class=\"thumbnail-wrap\"><img decoding=\"async\" width=\"1384\" height=\"576\" src=\"https:\/\/piolaestudio.cl\/wp-content\/uploads\/2026\/01\/peanut.png\" class=\"attachment-full size-full\" alt=\"\" url=\"https:\/\/piolaestudio.cl\/wp-content\/uploads\/2026\/01\/peanut.png\" source=\"library\" srcset=\"https:\/\/piolaestudio.cl\/wp-content\/uploads\/2026\/01\/peanut.png 1384w, https:\/\/piolaestudio.cl\/wp-content\/uploads\/2026\/01\/peanut-300x125.png 300w, https:\/\/piolaestudio.cl\/wp-content\/uploads\/2026\/01\/peanut-1024x426.png 1024w, https:\/\/piolaestudio.cl\/wp-content\/uploads\/2026\/01\/peanut-768x320.png 768w\" sizes=\"(max-width: 1384px) 100vw, 1384px\" \/><\/div><div class=\"caption-wrap style-overlay overlay-overlay\"> <div class=\"item-hover-bg\"><\/div> <div class=\"item-caption-over\"> <h5 class=\"item-title\"><\/h5> <div class=\"item-content\"><\/div><div class=\"item-buttons\"><\/div> <\/div> <div class=\"caption-head\"><\/div> <div class=\"caption-category\"><\/div> <\/div><\/div> <\/div><div class=\"gallery-item-wrap \"> <div class=\"grid-item\"><div class=\"thumbnail-wrap\"><img decoding=\"async\" width=\"2560\" height=\"1920\" src=\"https:\/\/piolaestudio.cl\/wp-content\/uploads\/2026\/01\/Peanut-Butter-Jar-Mockup-scaled.png\" class=\"attachment-full size-full\" alt=\"\" url=\"https:\/\/piolaestudio.cl\/wp-content\/uploads\/2026\/01\/Peanut-Butter-Jar-Mockup-scaled.png\" source=\"library\" srcset=\"https:\/\/piolaestudio.cl\/wp-content\/uploads\/2026\/01\/Peanut-Butter-Jar-Mockup-scaled.png 2560w, https:\/\/piolaestudio.cl\/wp-content\/uploads\/2026\/01\/Peanut-Butter-Jar-Mockup-300x225.png 300w, https:\/\/piolaestudio.cl\/wp-content\/uploads\/2026\/01\/Peanut-Butter-Jar-Mockup-1024x768.png 1024w, https:\/\/piolaestudio.cl\/wp-content\/uploads\/2026\/01\/Peanut-Butter-Jar-Mockup-768x576.png 768w, https:\/\/piolaestudio.cl\/wp-content\/uploads\/2026\/01\/Peanut-Butter-Jar-Mockup-1536x1152.png 1536w, https:\/\/piolaestudio.cl\/wp-content\/uploads\/2026\/01\/Peanut-Butter-Jar-Mockup-2048x1536.png 2048w\" sizes=\"(max-width: 2560px) 100vw, 2560px\" \/><\/div><div class=\"caption-wrap style-overlay overlay-overlay\"> <div class=\"item-hover-bg\"><\/div> <div class=\"item-caption-over\"> <h5 class=\"item-title\"><\/h5> <div class=\"item-content\"><\/div><div class=\"item-buttons\"><\/div> <\/div> <div class=\"caption-head\"><\/div> <div class=\"caption-category\"><\/div> <\/div><\/div> <\/div><\/div>\n            <div class=\"load-more-items\"><\/div><\/div>\t\t\t\t<\/div>\n\t\t\t\t<\/div>\n\t\t\t\t\t<\/div>\n\t\t\t\t<\/div>\n\t\t\t\t\t<\/div>\n\t\t\t\t<\/div>\n\t\t\t\t<\/div>\n\t\t","protected":false},"excerpt":{"rendered":"<p>Nuts Nutrition Home Portafolio Proyecto Nuts Nutrition Creamos la identidad de Man\u00ed Pink, una innovadora mantequilla de man\u00ed con chocolate, destacando su car\u00e1cter \u00fanico y su origen chileno. El dise\u00f1o de packaging se inspira en la energ\u00eda vibrante y contempor\u00e1nea del producto, utilizando una paleta crom\u00e1tica fresca donde el rosa se convierte en protagonista, transmitiendo [&hellip;]<\/p>\n","protected":false},"author":1,"featured_media":0,"parent":0,"menu_order":0,"comment_status":"closed","ping_status":"closed","template":"elementor_header_footer","meta":{"footnotes":""},"class_list":["post-440","page","type-page","status-publish","hentry"],"_links":{"self":[{"href":"https:\/\/piolaestudio.cl\/index.php\/wp-json\/wp\/v2\/pages\/440","targetHints":{"allow":["GET"]}}],"collection":[{"href":"https:\/\/piolaestudio.cl\/index.php\/wp-json\/wp\/v2\/pages"}],"about":[{"href":"https:\/\/piolaestudio.cl\/index.php\/wp-json\/wp\/v2\/types\/page"}],"author":[{"embeddable":true,"href":"https:\/\/piolaestudio.cl\/index.php\/wp-json\/wp\/v2\/users\/1"}],"replies":[{"embeddable":true,"href":"https:\/\/piolaestudio.cl\/index.php\/wp-json\/wp\/v2\/comments?post=440"}],"version-history":[{"count":22,"href":"https:\/\/piolaestudio.cl\/index.php\/wp-json\/wp\/v2\/pages\/440\/revisions"}],"predecessor-version":[{"id":660,"href":"https:\/\/piolaestudio.cl\/index.php\/wp-json\/wp\/v2\/pages\/440\/revisions\/660"}],"wp:attachment":[{"href":"https:\/\/piolaestudio.cl\/index.php\/wp-json\/wp\/v2\/media?parent=440"}],"curies":[{"name":"wp","href":"https:\/\/api.w.org\/{rel}","templated":true}]}}